{"id":7560,"date":"2021-12-13T14:39:13","date_gmt":"2021-12-13T14:39:13","guid":{"rendered":"https:\/\/dmservice.mondula.com\/?page_id=7560"},"modified":"2022-03-04T13:26:23","modified_gmt":"2022-03-04T13:26:23","slug":"ecommerce","status":"publish","type":"page","link":"https:\/\/dmservice-hamburg.de\/?page_id=7560","title":{"rendered":"eCommerce"},"content":{"rendered":"\t\t<div data-elementor-type=\"wp-page\" data-elementor-id=\"7560\" class=\"elementor elementor-7560\" data-elementor-settings=\"[]\">\n\t\t\t\t\t\t<div class=\"elementor-inner\">\n\t\t\t\t\t\t\t<div class=\"elementor-section-wrap\">\n\t\t\t\t\t\t\t<section class=\"elementor-section elementor-top-section elementor-element elementor-element-8a6a9e5 elementor-section-boxed elementor-section-height-default elementor-section-height-default\" data-id=\"8a6a9e5\" data-element_type=\"section\" data-settings=\"{&quot;background_background&quot;:&quot;classic&quot;}\">\n\t\t\t\t\t\t<div class=\"elementor-container elementor-column-gap-thegem\">\n\t\t\t\t\t\t\t<div class=\"elementor-row\">\n\t\t\t\t\t<div class=\"elementor-column elementor-col-100 elementor-top-column elementor-element elementor-element-d958734\" data-id=\"d958734\" data-element_type=\"column\">\n\t\t\t<div class=\"elementor-column-wrap elementor-element-populated\">\n\t\t\t\t\t\t\t<div class=\"elementor-widget-wrap\">\n\t\t\t\t\t\t<div class=\"elementor-element elementor-element-f98cc46 flex-horizontal-align-default flex-horizontal-align-tablet-default flex-horizontal-align-mobile-default flex-vertical-align-default flex-vertical-align-tablet-default flex-vertical-align-mobile-default elementor-widget elementor-widget-heading\" data-id=\"f98cc46\" data-element_type=\"widget\" data-widget_type=\"heading.default\">\n\t\t\t\t<div class=\"elementor-widget-container\">\n\t\t\t<h2 class=\"elementor-heading-title elementor-size-default\">Wir verbinden Systeme<\/h2>\t\t<\/div>\n\t\t\t\t<\/div>\n\t\t\t\t\t\t<\/div>\n\t\t\t\t\t<\/div>\n\t\t<\/div>\n\t\t\t\t\t\t\t\t<\/div>\n\t\t\t\t\t<\/div>\n\t\t<\/section>\n\t\t\t\t<section class=\"elementor-section elementor-top-section elementor-element elementor-element-4cbb583 elementor-section-boxed elementor-section-height-default elementor-section-height-default\" data-id=\"4cbb583\" data-element_type=\"section\" data-settings=\"{&quot;background_background&quot;:&quot;classic&quot;}\">\n\t\t\t\t\t\t<div class=\"elementor-container elementor-column-gap-thegem\">\n\t\t\t\t\t\t\t<div class=\"elementor-row\">\n\t\t\t\t\t<div class=\"elementor-column elementor-col-100 elementor-top-column elementor-element elementor-element-8115fe2\" data-id=\"8115fe2\" data-element_type=\"column\" data-settings=\"{&quot;background_background&quot;:&quot;classic&quot;}\">\n\t\t\t<div class=\"elementor-column-wrap elementor-element-populated\">\n\t\t\t\t\t\t\t<div class=\"elementor-widget-wrap\">\n\t\t\t\t\t\t<div class=\"elementor-element elementor-element-d9fce7e flex-horizontal-align-default flex-horizontal-align-tablet-default flex-horizontal-align-mobile-default flex-vertical-align-default flex-vertical-align-tablet-default flex-vertical-align-mobile-default elementor-widget elementor-widget-text-editor\" data-id=\"d9fce7e\" data-element_type=\"widget\" data-widget_type=\"text-editor.default\">\n\t\t\t\t<div class=\"elementor-widget-container\">\n\t\t\t\t\t\t\t\t<div class=\"elementor-text-editor elementor-clearfix\">\n\t\t\t\t\t<p style=\"text-align: center;\">Jederzeit den \u00dcberblick behalten, das wissen unsere Kunden zu sch\u00e4tzen<\/p>\t\t\t\t\t<\/div>\n\t\t\t\t\t\t<\/div>\n\t\t\t\t<\/div>\n\t\t\t\t\t\t<\/div>\n\t\t\t\t\t<\/div>\n\t\t<\/div>\n\t\t\t\t\t\t\t\t<\/div>\n\t\t\t\t\t<\/div>\n\t\t<\/section>\n\t\t\t\t<section class=\"elementor-section elementor-top-section elementor-element elementor-element-e8fde7c elementor-section-boxed elementor-section-height-default elementor-section-height-default\" data-id=\"e8fde7c\" data-element_type=\"section\">\n\t\t\t\t\t\t<div class=\"elementor-container elementor-column-gap-thegem\">\n\t\t\t\t\t\t\t<div class=\"elementor-row\">\n\t\t\t\t\t<div class=\"elementor-column elementor-col-100 elementor-top-column elementor-element elementor-element-c6c071e\" data-id=\"c6c071e\" data-element_type=\"column\">\n\t\t\t<div class=\"elementor-column-wrap elementor-element-populated\">\n\t\t\t\t\t\t\t<div class=\"elementor-widget-wrap\">\n\t\t\t\t\t\t<div class=\"elementor-element elementor-element-89b36b4 flex-horizontal-align-default flex-horizontal-align-tablet-default flex-horizontal-align-mobile-default flex-vertical-align-default flex-vertical-align-tablet-default flex-vertical-align-mobile-default elementor-widget elementor-widget-text-editor\" data-id=\"89b36b4\" data-element_type=\"widget\" data-widget_type=\"text-editor.default\">\n\t\t\t\t<div class=\"elementor-widget-container\">\n\t\t\t\t\t\t\t\t<div class=\"elementor-text-editor elementor-clearfix\">\n\t\t\t\t\t<p>Ob Sie bereits einen Onlineshop haben oder auf der Suche nach einem geeignetem System sind, wir verbinden Ihr System oder schaffen eine Verbindung. Unsere Fulfillment-L\u00f6sungen unterliegen keinem Standard und wir entwickeln das System, was Sie ben\u00f6tigen.<\/p><p>Unsere WWS ist flexibel und unabh\u00e4ngig von Standorten nutzbar. Sie haben bei uns immer die volle Kontrolle \u00fcber Ihren Warenbestand und immer Zugriff auf Auftragseing\u00e4nge und -ausg\u00e4nge. Sie erhalten unabh\u00e4ngig von unseren Gesch\u00e4ftszeiten Informationen \u00fcber Statistiken, Artikelbest\u00e4nde, Auftragsbest\u00e4nde u.v.m.<\/p><ul><li>Verwalten Sie Ihre Lieferanten, Eink\u00e4ufe und generieren Bestellvorschl\u00e4ge.<\/li><li>Fakturieren Sie direkt aus dem System und buchen Sie Zahlungseing\u00e4nge.<\/li><li>Von jedem Ort haben Sie Zugriff mit Ihrem mobilen Ger\u00e4t und behalten alles im Blick.<\/li><li>Gerne k\u00f6nnen wir diese Aufgaben f\u00fcr Sie \u00fcbernehmen.<\/li><\/ul><p>Folgende Onlineshop Systeme lassen sich ohne lange Programmierarbeiten an unser System anbinden.<\/p>\t\t\t\t\t<\/div>\n\t\t\t\t\t\t<\/div>\n\t\t\t\t<\/div>\n\t\t\t\t\t\t<\/div>\n\t\t\t\t\t<\/div>\n\t\t<\/div>\n\t\t\t\t\t\t\t\t<\/div>\n\t\t\t\t\t<\/div>\n\t\t<\/section>\n\t\t\t\t<section class=\"elementor-section elementor-top-section elementor-element elementor-element-93709db elementor-section-boxed elementor-section-height-default elementor-section-height-default\" data-id=\"93709db\" data-element_type=\"section\">\n\t\t\t\t\t\t<div class=\"elementor-container elementor-column-gap-thegem\">\n\t\t\t\t\t\t\t<div class=\"elementor-row\">\n\t\t\t\t\t<div class=\"elementor-column elementor-col-100 elementor-top-column elementor-element elementor-element-3d834e4\" data-id=\"3d834e4\" data-element_type=\"column\">\n\t\t\t<div class=\"elementor-column-wrap\">\n\t\t\t\t\t\t\t<div class=\"elementor-widget-wrap\">\n\t\t\t\t\t\t\t\t<\/div>\n\t\t\t\t\t<\/div>\n\t\t<\/div>\n\t\t\t\t\t\t\t\t<\/div>\n\t\t\t\t\t<\/div>\n\t\t<\/section>\n\t\t\t\t<section class=\"elementor-section elementor-top-section elementor-element elementor-element-dce1e86 elementor-section-boxed elementor-section-height-default elementor-section-height-default\" data-id=\"dce1e86\" data-element_type=\"section\">\n\t\t\t\t\t\t<div class=\"elementor-container elementor-column-gap-thegem\">\n\t\t\t\t\t\t\t<div class=\"elementor-row\">\n\t\t\t\t\t<div class=\"elementor-column elementor-col-20 elementor-top-column elementor-element elementor-element-e047dac\" data-id=\"e047dac\" data-element_type=\"column\">\n\t\t\t<div class=\"elementor-column-wrap\">\n\t\t\t\t\t\t\t<div class=\"elementor-widget-wrap\">\n\t\t\t\t\t\t\t\t<\/div>\n\t\t\t\t\t<\/div>\n\t\t<\/div>\n\t\t\t\t<div class=\"elementor-column elementor-col-20 elementor-top-column elementor-element elementor-element-d4df51d\" data-id=\"d4df51d\" data-element_type=\"column\">\n\t\t\t<div class=\"elementor-column-wrap elementor-element-populated\">\n\t\t\t\t\t\t\t<div class=\"elementor-widget-wrap\">\n\t\t\t\t\t\t<div class=\"elementor-element elementor-element-edb208b flex-horizontal-align-default flex-horizontal-align-tablet-default flex-horizontal-align-mobile-default flex-vertical-align-default flex-vertical-align-tablet-default flex-vertical-align-mobile-default elementor-widget elementor-widget-image\" data-id=\"edb208b\" data-element_type=\"widget\" data-settings=\"{&quot;thegem_custom_css&quot;:&quot;@media only screen and (max-width: 600px)  {\\n    selector{ \\n        width:250px;\\n        height:auto;\\n        max-width:100%;\\n        margin: 0 auto;\\n    }\\n}&quot;}\" data-widget_type=\"image.default\">\n\t\t\t\t<div class=\"elementor-widget-container\">\n\t\t\t\t\t\t\t\t<div class=\"elementor-image\">\n\t\t\t\t\t\t\t\t\t\t\t\t<img decoding=\"async\" width=\"499\" height=\"266\" src=\"https:\/\/dmservice-hamburg.de\/wp-content\/uploads\/2021\/12\/leistungen-e-commerce-shopware-logo.png\" class=\"attachment-large size-large\" alt=\"\" srcset=\"https:\/\/dmservice-hamburg.de\/wp-content\/uploads\/2021\/12\/leistungen-e-commerce-shopware-logo.png 499w, https:\/\/dmservice-hamburg.de\/wp-content\/uploads\/2021\/12\/leistungen-e-commerce-shopware-logo-300x160.png 300w\" sizes=\"(max-width: 499px) 100vw, 499px\" \/>\t\t\t\t\t\t\t\t\t\t\t\t\t\t<\/div>\n\t\t\t\t\t\t<\/div>\n\t\t\t\t<\/div>\n\t\t\t\t\t\t<\/div>\n\t\t\t\t\t<\/div>\n\t\t<\/div>\n\t\t\t\t<div class=\"elementor-column elementor-col-20 elementor-top-column elementor-element elementor-element-ab21453\" data-id=\"ab21453\" data-element_type=\"column\">\n\t\t\t<div class=\"elementor-column-wrap elementor-element-populated\">\n\t\t\t\t\t\t\t<div class=\"elementor-widget-wrap\">\n\t\t\t\t\t\t<div class=\"elementor-element elementor-element-6e44014 flex-horizontal-align-default flex-horizontal-align-tablet-default flex-horizontal-align-mobile-default flex-vertical-align-default flex-vertical-align-tablet-default flex-vertical-align-mobile-default elementor-widget elementor-widget-image\" data-id=\"6e44014\" data-element_type=\"widget\" data-settings=\"{&quot;thegem_custom_css&quot;:&quot;@media only screen and (max-width: 600px)  {\\n    selector{ \\n        width:250px;\\n        height:auto;\\n        max-width:100%;\\n        margin: 0 auto;\\n    }\\n}&quot;}\" data-widget_type=\"image.default\">\n\t\t\t\t<div class=\"elementor-widget-container\">\n\t\t\t\t\t\t\t\t<div class=\"elementor-image\">\n\t\t\t\t\t\t\t\t\t\t\t\t<img decoding=\"async\" width=\"800\" height=\"500\" src=\"https:\/\/dmservice-hamburg.de\/wp-content\/uploads\/2021\/12\/prestashop.png\" class=\"attachment-large size-large\" alt=\"\" srcset=\"https:\/\/dmservice-hamburg.de\/wp-content\/uploads\/2021\/12\/prestashop.png 800w, https:\/\/dmservice-hamburg.de\/wp-content\/uploads\/2021\/12\/prestashop-300x188.png 300w, https:\/\/dmservice-hamburg.de\/wp-content\/uploads\/2021\/12\/prestashop-768x480.png 768w\" sizes=\"(max-width: 800px) 100vw, 800px\" \/>\t\t\t\t\t\t\t\t\t\t\t\t\t\t<\/div>\n\t\t\t\t\t\t<\/div>\n\t\t\t\t<\/div>\n\t\t\t\t\t\t<\/div>\n\t\t\t\t\t<\/div>\n\t\t<\/div>\n\t\t\t\t<div class=\"elementor-column elementor-col-20 elementor-top-column elementor-element elementor-element-5b38e44\" data-id=\"5b38e44\" data-element_type=\"column\">\n\t\t\t<div class=\"elementor-column-wrap elementor-element-populated\">\n\t\t\t\t\t\t\t<div class=\"elementor-widget-wrap\">\n\t\t\t\t\t\t<div class=\"elementor-element elementor-element-9e89852 flex-horizontal-align-default flex-horizontal-align-tablet-default flex-horizontal-align-mobile-default flex-vertical-align-default flex-vertical-align-tablet-default flex-vertical-align-mobile-default elementor-widget elementor-widget-image\" data-id=\"9e89852\" data-element_type=\"widget\" data-settings=\"{&quot;thegem_custom_css&quot;:&quot;@media only screen and (max-width: 600px)  {\\n    selector{ \\n        width:250px;\\n        height:auto;\\n       \\n        margin: 0 auto;\\n    }\\n}&quot;}\" data-widget_type=\"image.default\">\n\t\t\t\t<div class=\"elementor-widget-container\">\n\t\t\t\t\t\t\t\t<div class=\"elementor-image\">\n\t\t\t\t\t\t\t\t\t\t\t\t<img decoding=\"async\" width=\"1000\" height=\"444\" src=\"https:\/\/dmservice-hamburg.de\/wp-content\/uploads\/2021\/12\/Gambio-Logo-EHI-gross.png\" class=\"attachment-large size-large\" alt=\"\" srcset=\"https:\/\/dmservice-hamburg.de\/wp-content\/uploads\/2021\/12\/Gambio-Logo-EHI-gross.png 1000w, https:\/\/dmservice-hamburg.de\/wp-content\/uploads\/2021\/12\/Gambio-Logo-EHI-gross-300x133.png 300w, https:\/\/dmservice-hamburg.de\/wp-content\/uploads\/2021\/12\/Gambio-Logo-EHI-gross-768x341.png 768w\" sizes=\"(max-width: 1000px) 100vw, 1000px\" \/>\t\t\t\t\t\t\t\t\t\t\t\t\t\t<\/div>\n\t\t\t\t\t\t<\/div>\n\t\t\t\t<\/div>\n\t\t\t\t\t\t<\/div>\n\t\t\t\t\t<\/div>\n\t\t<\/div>\n\t\t\t\t<div class=\"elementor-column elementor-col-20 elementor-top-column elementor-element elementor-element-0dd705f\" data-id=\"0dd705f\" data-element_type=\"column\">\n\t\t\t<div class=\"elementor-column-wrap\">\n\t\t\t\t\t\t\t<div class=\"elementor-widget-wrap\">\n\t\t\t\t\t\t\t\t<\/div>\n\t\t\t\t\t<\/div>\n\t\t<\/div>\n\t\t\t\t\t\t\t\t<\/div>\n\t\t\t\t\t<\/div>\n\t\t<\/section>\n\t\t\t\t<section class=\"elementor-section elementor-top-section elementor-element elementor-element-98306d7 elementor-section-boxed elementor-section-height-default elementor-section-height-default\" data-id=\"98306d7\" data-element_type=\"section\">\n\t\t\t\t\t\t<div class=\"elementor-container elementor-column-gap-thegem\">\n\t\t\t\t\t\t\t<div class=\"elementor-row\">\n\t\t\t\t\t<div class=\"elementor-column elementor-col-20 elementor-top-column elementor-element elementor-element-57fdec3\" data-id=\"57fdec3\" data-element_type=\"column\">\n\t\t\t<div class=\"elementor-column-wrap\">\n\t\t\t\t\t\t\t<div class=\"elementor-widget-wrap\">\n\t\t\t\t\t\t\t\t<\/div>\n\t\t\t\t\t<\/div>\n\t\t<\/div>\n\t\t\t\t<div class=\"elementor-column elementor-col-20 elementor-top-column elementor-element elementor-element-3cdfe1e\" data-id=\"3cdfe1e\" data-element_type=\"column\">\n\t\t\t<div class=\"elementor-column-wrap elementor-element-populated\">\n\t\t\t\t\t\t\t<div class=\"elementor-widget-wrap\">\n\t\t\t\t\t\t<div class=\"elementor-element elementor-element-d73de97 flex-horizontal-align-default flex-horizontal-align-tablet-default flex-horizontal-align-mobile-default flex-vertical-align-default flex-vertical-align-tablet-default flex-vertical-align-mobile-default elementor-widget elementor-widget-image\" data-id=\"d73de97\" data-element_type=\"widget\" data-settings=\"{&quot;thegem_custom_css&quot;:&quot;@media only screen and (max-width: 600px)  {\\n    selector{ \\n        width:250px;\\n        height:auto;\\n       \\n        margin: 0 auto;\\n    }\\n}&quot;}\" data-widget_type=\"image.default\">\n\t\t\t\t<div class=\"elementor-widget-container\">\n\t\t\t\t\t\t\t\t<div class=\"elementor-image\">\n\t\t\t\t\t\t\t\t\t\t\t\t<img decoding=\"async\" width=\"254\" height=\"78\" src=\"https:\/\/dmservice-hamburg.de\/wp-content\/uploads\/2021\/12\/logo.png\" class=\"attachment-full size-full\" alt=\"\" \/>\t\t\t\t\t\t\t\t\t\t\t\t\t\t<\/div>\n\t\t\t\t\t\t<\/div>\n\t\t\t\t<\/div>\n\t\t\t\t\t\t<\/div>\n\t\t\t\t\t<\/div>\n\t\t<\/div>\n\t\t\t\t<div class=\"elementor-column elementor-col-20 elementor-top-column elementor-element elementor-element-bfc700a\" data-id=\"bfc700a\" data-element_type=\"column\">\n\t\t\t<div class=\"elementor-column-wrap elementor-element-populated\">\n\t\t\t\t\t\t\t<div class=\"elementor-widget-wrap\">\n\t\t\t\t\t\t<div class=\"elementor-element elementor-element-9d2ab1e flex-horizontal-align-default flex-horizontal-align-tablet-default flex-horizontal-align-mobile-default flex-vertical-align-default flex-vertical-align-tablet-default flex-vertical-align-mobile-default elementor-widget elementor-widget-image\" data-id=\"9d2ab1e\" data-element_type=\"widget\" data-settings=\"{&quot;thegem_custom_css&quot;:&quot;@media only screen and (max-width: 600px)  {\\n    selector{ \\n        width:250px;\\n        height:auto;\\n       \\n        margin: 0 auto;\\n    }\\n}&quot;}\" data-widget_type=\"image.default\">\n\t\t\t\t<div class=\"elementor-widget-container\">\n\t\t\t\t\t\t\t\t<div class=\"elementor-image\">\n\t\t\t\t\t\t\t\t\t\t\t\t<img decoding=\"async\" width=\"597\" height=\"336\" src=\"https:\/\/dmservice-hamburg.de\/wp-content\/uploads\/2021\/12\/g0-integration-3pv-wooocommerce.web_.597.336.jpg\" class=\"attachment-full size-full\" alt=\"\" srcset=\"https:\/\/dmservice-hamburg.de\/wp-content\/uploads\/2021\/12\/g0-integration-3pv-wooocommerce.web_.597.336.jpg 597w, https:\/\/dmservice-hamburg.de\/wp-content\/uploads\/2021\/12\/g0-integration-3pv-wooocommerce.web_.597.336-300x169.jpg 300w\" sizes=\"(max-width: 597px) 100vw, 597px\" \/>\t\t\t\t\t\t\t\t\t\t\t\t\t\t<\/div>\n\t\t\t\t\t\t<\/div>\n\t\t\t\t<\/div>\n\t\t\t\t\t\t<\/div>\n\t\t\t\t\t<\/div>\n\t\t<\/div>\n\t\t\t\t<div class=\"elementor-column elementor-col-20 elementor-top-column elementor-element elementor-element-b68a232\" data-id=\"b68a232\" data-element_type=\"column\">\n\t\t\t<div class=\"elementor-column-wrap elementor-element-populated\">\n\t\t\t\t\t\t\t<div class=\"elementor-widget-wrap\">\n\t\t\t\t\t\t<div class=\"elementor-element elementor-element-fe48a3a flex-horizontal-align-default flex-horizontal-align-tablet-default flex-horizontal-align-mobile-default flex-vertical-align-default flex-vertical-align-tablet-default flex-vertical-align-mobile-default elementor-widget elementor-widget-image\" data-id=\"fe48a3a\" data-element_type=\"widget\" data-settings=\"{&quot;thegem_custom_css&quot;:&quot;@media only screen and (max-width: 600px)  {\\n    selector{ \\n        width:250px;\\n        height:auto;\\n       \\n        margin: 0 auto;\\n    }\\n}&quot;}\" data-widget_type=\"image.default\">\n\t\t\t\t<div class=\"elementor-widget-container\">\n\t\t\t\t\t\t\t\t<div class=\"elementor-image\">\n\t\t\t\t\t\t\t\t\t\t\t\t<img decoding=\"async\" width=\"1024\" height=\"576\" src=\"https:\/\/dmservice-hamburg.de\/wp-content\/uploads\/2021\/12\/Shopify-Logo-1024x576.png\" class=\"attachment-large size-large\" alt=\"\" srcset=\"https:\/\/dmservice-hamburg.de\/wp-content\/uploads\/2021\/12\/Shopify-Logo-1024x576.png 1024w, https:\/\/dmservice-hamburg.de\/wp-content\/uploads\/2021\/12\/Shopify-Logo-300x169.png 300w, https:\/\/dmservice-hamburg.de\/wp-content\/uploads\/2021\/12\/Shopify-Logo-768x432.png 768w, https:\/\/dmservice-hamburg.de\/wp-content\/uploads\/2021\/12\/Shopify-Logo-1536x864.png 1536w, https:\/\/dmservice-hamburg.de\/wp-content\/uploads\/2021\/12\/Shopify-Logo-2048x1152.png 2048w\" sizes=\"(max-width: 1024px) 100vw, 1024px\" \/>\t\t\t\t\t\t\t\t\t\t\t\t\t\t<\/div>\n\t\t\t\t\t\t<\/div>\n\t\t\t\t<\/div>\n\t\t\t\t\t\t<\/div>\n\t\t\t\t\t<\/div>\n\t\t<\/div>\n\t\t\t\t<div class=\"elementor-column elementor-col-20 elementor-top-column elementor-element elementor-element-7081a07\" data-id=\"7081a07\" data-element_type=\"column\">\n\t\t\t<div class=\"elementor-column-wrap\">\n\t\t\t\t\t\t\t<div class=\"elementor-widget-wrap\">\n\t\t\t\t\t\t\t\t<\/div>\n\t\t\t\t\t<\/div>\n\t\t<\/div>\n\t\t\t\t\t\t\t\t<\/div>\n\t\t\t\t\t<\/div>\n\t\t<\/section>\n\t\t\t\t<section class=\"elementor-section elementor-top-section elementor-element elementor-element-7b61ae7 elementor-section-boxed elementor-section-height-default elementor-section-height-default\" data-id=\"7b61ae7\" data-element_type=\"section\">\n\t\t\t\t\t\t<div class=\"elementor-container elementor-column-gap-thegem\">\n\t\t\t\t\t\t\t<div class=\"elementor-row\">\n\t\t\t\t\t<div class=\"elementor-column elementor-col-20 elementor-top-column elementor-element elementor-element-c5bf3be\" data-id=\"c5bf3be\" data-element_type=\"column\">\n\t\t\t<div class=\"elementor-column-wrap\">\n\t\t\t\t\t\t\t<div class=\"elementor-widget-wrap\">\n\t\t\t\t\t\t\t\t<\/div>\n\t\t\t\t\t<\/div>\n\t\t<\/div>\n\t\t\t\t<div class=\"elementor-column elementor-col-20 elementor-top-column elementor-element elementor-element-1caa9b4\" data-id=\"1caa9b4\" data-element_type=\"column\">\n\t\t\t<div class=\"elementor-column-wrap\">\n\t\t\t\t\t\t\t<div class=\"elementor-widget-wrap\">\n\t\t\t\t\t\t\t\t<\/div>\n\t\t\t\t\t<\/div>\n\t\t<\/div>\n\t\t\t\t<div class=\"elementor-column elementor-col-20 elementor-top-column elementor-element elementor-element-28a903e\" data-id=\"28a903e\" data-element_type=\"column\">\n\t\t\t<div class=\"elementor-column-wrap\">\n\t\t\t\t\t\t\t<div class=\"elementor-widget-wrap\">\n\t\t\t\t\t\t\t\t<\/div>\n\t\t\t\t\t<\/div>\n\t\t<\/div>\n\t\t\t\t<div class=\"elementor-column elementor-col-20 elementor-top-column elementor-element elementor-element-f5ebd78\" data-id=\"f5ebd78\" data-element_type=\"column\">\n\t\t\t<div class=\"elementor-column-wrap\">\n\t\t\t\t\t\t\t<div class=\"elementor-widget-wrap\">\n\t\t\t\t\t\t\t\t<\/div>\n\t\t\t\t\t<\/div>\n\t\t<\/div>\n\t\t\t\t<div class=\"elementor-column elementor-col-20 elementor-top-column elementor-element elementor-element-3e84e5c\" data-id=\"3e84e5c\" data-element_type=\"column\">\n\t\t\t<div class=\"elementor-column-wrap\">\n\t\t\t\t\t\t\t<div class=\"elementor-widget-wrap\">\n\t\t\t\t\t\t\t\t<\/div>\n\t\t\t\t\t<\/div>\n\t\t<\/div>\n\t\t\t\t\t\t\t\t<\/div>\n\t\t\t\t\t<\/div>\n\t\t<\/section>\n\t\t\t\t\t\t<\/div>\n\t\t\t\t\t\t<\/div>\n\t\t\t\t\t<\/div>\n\t\t","protected":false},"excerpt":{"rendered":"<p>Wir verbinden Systeme Jederzeit den \u00dcberblick behalten, das wissen unsere Kunden zu sch\u00e4tzen Ob Sie bereits einen Onlineshop haben oder&#8230;<\/p>\n","protected":false},"author":1,"featured_media":0,"parent":0,"menu_order":0,"comment_status":"closed","ping_status":"closed","template":"page-fullwidth.php","meta":{"footnotes":""},"class_list":["post-7560","page","type-page","status-publish"],"_links":{"self":[{"href":"https:\/\/dmservice-hamburg.de\/index.php?rest_route=\/wp\/v2\/pages\/7560","targetHints":{"allow":["GET"]}}],"collection":[{"href":"https:\/\/dmservice-hamburg.de\/index.php?rest_route=\/wp\/v2\/pages"}],"about":[{"href":"https:\/\/dmservice-hamburg.de\/index.php?rest_route=\/wp\/v2\/types\/page"}],"author":[{"embeddable":true,"href":"https:\/\/dmservice-hamburg.de\/index.php?rest_route=\/wp\/v2\/users\/1"}],"replies":[{"embeddable":true,"href":"https:\/\/dmservice-hamburg.de\/index.php?rest_route=%2Fwp%2Fv2%2Fcomments&post=7560"}],"version-history":[{"count":49,"href":"https:\/\/dmservice-hamburg.de\/index.php?rest_route=\/wp\/v2\/pages\/7560\/revisions"}],"predecessor-version":[{"id":8857,"href":"https:\/\/dmservice-hamburg.de\/index.php?rest_route=\/wp\/v2\/pages\/7560\/revisions\/8857"}],"wp:attachment":[{"href":"https:\/\/dmservice-hamburg.de\/index.php?rest_route=%2Fwp%2Fv2%2Fmedia&parent=7560"}],"curies":[{"name":"wp","href":"https:\/\/api.w.org\/{rel}","templated":true}]}}